{"id":2,"date":"2019-12-20T09:12:02","date_gmt":"2019-12-20T09:12:02","guid":{"rendered":"https:\/\/madblue.wearewildoom.com\/web\/?page_id=2"},"modified":"2026-01-21T13:12:45","modified_gmt":"2026-01-21T13:12:45","slug":"inicio","status":"publish","type":"page","link":"https:\/\/madblue-hq.wildoomlab.com\/es\/","title":{"rendered":"Inicio"},"content":{"rendered":"","protected":false},"excerpt":{"rendered":"","protected":false},"author":1,"featured_media":21440,"parent":0,"menu_order":4,"comment_status":"closed","ping_status":"open","template":"page-home.php","meta":{"_acf_changed":false,"_monsterinsights_skip_tracking":false,"_monsterinsights_sitenote_active":false,"_monsterinsights_sitenote_note":"","_monsterinsights_sitenote_category":0,"footnotes":""},"hashtags":[],"class_list":["post-2","page","type-page","status-publish","has-post-thumbnail","hentry"],"acf":[],"yoast_head":"<!-- This site is optimized with the Yoast SEO plugin v26.8 - https:\/\/yoast.com\/product\/yoast-seo-wordpress\/ -->\n<title>MADBLUE SUMMIT 2025 - THE FUTURE IS NOW<\/title>\n<meta name=\"description\" content=\"Epicentro global de la innovaci\u00f3n tecnol\u00f3gica para la sostenibilidad, impulsando soluciones que den respuesta a los desaf\u00edos m\u00e1s urgentes del planeta y construyendo un futuro donde la tecnolog\u00eda est\u00e9 al servicio de la humanidad y el medioambiente.\" \/>\n<meta name=\"robots\" content=\"index, follow, max-snippet:-1, max-image-preview:large, max-video-preview:-1\" \/>\n<link rel=\"canonical\" href=\"https:\/\/madblue-hq.wildoomlab.com\/es\/\" \/>\n<meta property=\"og:locale\" content=\"es_ES\" \/>\n<meta property=\"og:type\" content=\"article\" \/>\n<meta property=\"og:title\" content=\"MADBLUE SUMMIT 2025 - THE FUTURE IS NOW\" \/>\n<meta property=\"og:description\" content=\"Epicentro global de la innovaci\u00f3n tecnol\u00f3gica para la sostenibilidad, impulsando soluciones que den respuesta a los desaf\u00edos m\u00e1s urgentes del planeta y construyendo un futuro donde la tecnolog\u00eda est\u00e9 al servicio de la humanidad y el medioambiente.\" \/>\n<meta property=\"og:url\" content=\"https:\/\/madblue-hq.wildoomlab.com\/es\/\" \/>\n<meta property=\"og:site_name\" content=\"MadBlue\" \/>\n<meta property=\"article:modified_time\" content=\"2026-01-21T13:12:45+00:00\" \/>\n<meta property=\"og:image\" content=\"https:\/\/madblue-hq.wildoomlab.com\/wp-content\/uploads\/2026\/01\/MadBlue_2026_Home.jpg\" \/>\n\t<meta property=\"og:image:width\" content=\"2000\" \/>\n\t<meta property=\"og:image:height\" content=\"1141\" \/>\n\t<meta property=\"og:image:type\" content=\"image\/jpeg\" \/>\n<meta name=\"twitter:card\" content=\"summary_large_image\" \/>\n<script type=\"application\/ld+json\" class=\"yoast-schema-graph\">{\"@context\":\"https:\/\/schema.org\",\"@graph\":[{\"@type\":\"WebPage\",\"@id\":\"https:\/\/madblue-hq.wildoomlab.com\/es\/\",\"url\":\"https:\/\/madblue-hq.wildoomlab.com\/es\/\",\"name\":\"MADBLUE SUMMIT 2025 - THE FUTURE IS NOW\",\"isPartOf\":{\"@id\":\"https:\/\/madblue-hq.wildoomlab.com\/es\/#website\"},\"primaryImageOfPage\":{\"@id\":\"https:\/\/madblue-hq.wildoomlab.com\/es\/#primaryimage\"},\"image\":{\"@id\":\"https:\/\/madblue-hq.wildoomlab.com\/es\/#primaryimage\"},\"thumbnailUrl\":\"https:\/\/madblue-hq.wildoomlab.com\/wp-content\/uploads\/2026\/01\/MadBlue_2026_Home.jpg\",\"datePublished\":\"2019-12-20T09:12:02+00:00\",\"dateModified\":\"2026-01-21T13:12:45+00:00\",\"description\":\"Epicentro global de la innovaci\u00f3n tecnol\u00f3gica para la sostenibilidad, impulsando soluciones que den respuesta a los desaf\u00edos m\u00e1s urgentes del planeta y construyendo un futuro donde la tecnolog\u00eda est\u00e9 al servicio de la humanidad y el medioambiente.\",\"breadcrumb\":{\"@id\":\"https:\/\/madblue-hq.wildoomlab.com\/es\/#breadcrumb\"},\"inLanguage\":\"es\",\"potentialAction\":[{\"@type\":\"ReadAction\",\"target\":[\"https:\/\/madblue-hq.wildoomlab.com\/es\/\"]}]},{\"@type\":\"ImageObject\",\"inLanguage\":\"es\",\"@id\":\"https:\/\/madblue-hq.wildoomlab.com\/es\/#primaryimage\",\"url\":\"https:\/\/madblue-hq.wildoomlab.com\/wp-content\/uploads\/2026\/01\/MadBlue_2026_Home.jpg\",\"contentUrl\":\"https:\/\/madblue-hq.wildoomlab.com\/wp-content\/uploads\/2026\/01\/MadBlue_2026_Home.jpg\",\"width\":\"2000\",\"height\":\"1141\"},{\"@type\":\"BreadcrumbList\",\"@id\":\"https:\/\/madblue-hq.wildoomlab.com\/es\/#breadcrumb\",\"itemListElement\":[{\"@type\":\"ListItem\",\"position\":1,\"name\":\"Portada\",\"item\":\"https:\/\/madblue-hq.wildoomlab.com\/es\/\"},{\"@type\":\"ListItem\",\"position\":2,\"name\":\"Inicio\"}]},{\"@type\":\"WebSite\",\"@id\":\"https:\/\/madblue-hq.wildoomlab.com\/es\/#website\",\"url\":\"https:\/\/madblue-hq.wildoomlab.com\/es\/\",\"name\":\"MadBlue\",\"description\":\"\",\"potentialAction\":[{\"@type\":\"SearchAction\",\"target\":{\"@type\":\"EntryPoint\",\"urlTemplate\":\"https:\/\/madblue-hq.wildoomlab.com\/es\/?s={search_term_string}\"},\"query-input\":{\"@type\":\"PropertyValueSpecification\",\"valueRequired\":true,\"valueName\":\"search_term_string\"}}],\"inLanguage\":\"es\"}]}<\/script>\n<!-- \/ Yoast SEO plugin. -->","yoast_head_json":{"title":"MADBLUE SUMMIT 2025 - THE FUTURE IS NOW","description":"Epicentro global de la innovaci\u00f3n tecnol\u00f3gica para la sostenibilidad, impulsando soluciones que den respuesta a los desaf\u00edos m\u00e1s urgentes del planeta y construyendo un futuro donde la tecnolog\u00eda est\u00e9 al servicio de la humanidad y el medioambiente.","robots":{"index":"index","follow":"follow","max-snippet":"max-snippet:-1","max-image-preview":"max-image-preview:large","max-video-preview":"max-video-preview:-1"},"canonical":"https:\/\/madblue-hq.wildoomlab.com\/es\/","og_locale":"es_ES","og_type":"article","og_title":"MADBLUE SUMMIT 2025 - THE FUTURE IS NOW","og_description":"Epicentro global de la innovaci\u00f3n tecnol\u00f3gica para la sostenibilidad, impulsando soluciones que den respuesta a los desaf\u00edos m\u00e1s urgentes del planeta y construyendo un futuro donde la tecnolog\u00eda est\u00e9 al servicio de la humanidad y el medioambiente.","og_url":"https:\/\/madblue-hq.wildoomlab.com\/es\/","og_site_name":"MadBlue","article_modified_time":"2026-01-21T13:12:45+00:00","og_image":[{"width":2000,"height":1141,"url":"https:\/\/madblue-hq.wildoomlab.com\/wp-content\/uploads\/2026\/01\/MadBlue_2026_Home.jpg","type":"image\/jpeg"}],"twitter_card":"summary_large_image","schema":{"@context":"https:\/\/schema.org","@graph":[{"@type":"WebPage","@id":"https:\/\/madblue-hq.wildoomlab.com\/es\/","url":"https:\/\/madblue-hq.wildoomlab.com\/es\/","name":"MADBLUE SUMMIT 2025 - THE FUTURE IS NOW","isPartOf":{"@id":"https:\/\/madblue-hq.wildoomlab.com\/es\/#website"},"primaryImageOfPage":{"@id":"https:\/\/madblue-hq.wildoomlab.com\/es\/#primaryimage"},"image":{"@id":"https:\/\/madblue-hq.wildoomlab.com\/es\/#primaryimage"},"thumbnailUrl":"https:\/\/madblue-hq.wildoomlab.com\/wp-content\/uploads\/2026\/01\/MadBlue_2026_Home.jpg","datePublished":"2019-12-20T09:12:02+00:00","dateModified":"2026-01-21T13:12:45+00:00","description":"Epicentro global de la innovaci\u00f3n tecnol\u00f3gica para la sostenibilidad, impulsando soluciones que den respuesta a los desaf\u00edos m\u00e1s urgentes del planeta y construyendo un futuro donde la tecnolog\u00eda est\u00e9 al servicio de la humanidad y el medioambiente.","breadcrumb":{"@id":"https:\/\/madblue-hq.wildoomlab.com\/es\/#breadcrumb"},"inLanguage":"es","potentialAction":[{"@type":"ReadAction","target":["https:\/\/madblue-hq.wildoomlab.com\/es\/"]}]},{"@type":"ImageObject","inLanguage":"es","@id":"https:\/\/madblue-hq.wildoomlab.com\/es\/#primaryimage","url":"https:\/\/madblue-hq.wildoomlab.com\/wp-content\/uploads\/2026\/01\/MadBlue_2026_Home.jpg","contentUrl":"https:\/\/madblue-hq.wildoomlab.com\/wp-content\/uploads\/2026\/01\/MadBlue_2026_Home.jpg","width":"2000","height":"1141"},{"@type":"BreadcrumbList","@id":"https:\/\/madblue-hq.wildoomlab.com\/es\/#breadcrumb","itemListElement":[{"@type":"ListItem","position":1,"name":"Portada","item":"https:\/\/madblue-hq.wildoomlab.com\/es\/"},{"@type":"ListItem","position":2,"name":"Inicio"}]},{"@type":"WebSite","@id":"https:\/\/madblue-hq.wildoomlab.com\/es\/#website","url":"https:\/\/madblue-hq.wildoomlab.com\/es\/","name":"MadBlue","description":"","potentialAction":[{"@type":"SearchAction","target":{"@type":"EntryPoint","urlTemplate":"https:\/\/madblue-hq.wildoomlab.com\/es\/?s={search_term_string}"},"query-input":{"@type":"PropertyValueSpecification","valueRequired":true,"valueName":"search_term_string"}}],"inLanguage":"es"}]}},"_links":{"self":[{"href":"https:\/\/madblue-hq.wildoomlab.com\/es\/wp-json\/wp\/v2\/pages\/2","targetHints":{"allow":["GET"]}}],"collection":[{"href":"https:\/\/madblue-hq.wildoomlab.com\/es\/wp-json\/wp\/v2\/pages"}],"about":[{"href":"https:\/\/madblue-hq.wildoomlab.com\/es\/wp-json\/wp\/v2\/types\/page"}],"author":[{"embeddable":true,"href":"https:\/\/madblue-hq.wildoomlab.com\/es\/wp-json\/wp\/v2\/users\/1"}],"replies":[{"embeddable":true,"href":"https:\/\/madblue-hq.wildoomlab.com\/es\/wp-json\/wp\/v2\/comments?post=2"}],"version-history":[{"count":11,"href":"https:\/\/madblue-hq.wildoomlab.com\/es\/wp-json\/wp\/v2\/pages\/2\/revisions"}],"predecessor-version":[{"id":21103,"href":"https:\/\/madblue-hq.wildoomlab.com\/es\/wp-json\/wp\/v2\/pages\/2\/revisions\/21103"}],"wp:featuredmedia":[{"embeddable":true,"href":"https:\/\/madblue-hq.wildoomlab.com\/es\/wp-json\/wp\/v2\/media\/21440"}],"wp:attachment":[{"href":"https:\/\/madblue-hq.wildoomlab.com\/es\/wp-json\/wp\/v2\/media?parent=2"}],"wp:term":[{"taxonomy":"hashtags","embeddable":true,"href":"https:\/\/madblue-hq.wildoomlab.com\/es\/wp-json\/wp\/v2\/hashtags?post=2"}],"curies":[{"name":"wp","href":"https:\/\/api.w.org\/{rel}","templated":true}]}}